{"id":403,"date":"2017-03-05T00:12:28","date_gmt":"2017-03-05T00:12:28","guid":{"rendered":"https:\/\/textundkritik.wordpress.com\/?page_id=403"},"modified":"2022-03-21T08:52:41","modified_gmt":"2022-03-21T08:52:41","slug":"angebot","status":"publish","type":"page","link":"http:\/\/textneubauer.de\/?page_id=403","title":{"rendered":"TextAngebot"},"content":{"rendered":"\n<p>Ihnen fehlt noch der passende Text? Ihre Information braucht eine Geschichte?   Ich verfasse oder \u00fcberarbeite f\u00fcr Sie Texte, erstelle oder optimiere Marketingmaterialien, Publikationen oder Online-Auftritte.<\/p>\n\n\n\n<p><strong>SCHWERPUNKT<\/strong><br><strong>Texterstellung, Recherche &amp; Redaktion<\/strong><br>Dar\u00fcber hinaus:&nbsp; Stil- und Standardlektorat<br><strong>SPEZIALISIERUNG<\/strong><br>Kultur &amp; Geschichte (regionen- und epochen\u00fcbergreifend)<br>Politik, Wirtschaft &amp; Gesellschaft<br><strong>Fremdsprachen<br><\/strong>Englisch (flie\u00dfend), Franz\u00f6sisch (gut), T\u00fcrkisch und Italienisch (basic); Latinum <\/p>\n\n\n\n<p><strong>TEXTFORMATE<\/strong><br>Buchtexte (Sach- und Fachb\u00fccher)<br>Unternehmenstexte (Informationstexte, Marketingtexte, Pressetexte, Firmenportr\u00e4ts etc.)<br>Online-Auftritte (Webseiten u.a.)<br>Wissenschaftliche Texte (Forschungsberichte, Bachelor-\/Master, Dissertationen etc.; <em>Achtung: kein Ghostwriting wissenschaftlicher Arbeiten<\/em>)<\/p>\n\n\n\n<p><strong>TEXT &amp; REDAKTION<\/strong><br>Sie m\u00f6chten einen Text zu einem bestimmten Thema? Oder Sie ben\u00f6tigen eine bestimmte Textsorte?<br>Ich verfasse f\u00fcr Sie treffsichere Texte. Mit Herz &amp; Verstand.<br>Von Ihnen ben\u00f6tige ich: Visionen, Thema, Anliegen, Ziele, Vorstellung zur Gliederung.. <br>Die redaktionelle Arbeit umfasst auf Wunsch Konzeption, Recherche, die Umsetzung eines vorhandenen Konzepts, Bildrecherche, Autoren- und Grafikerbetreuung. Ich \u00fcberarbeite vorhandene Inhalte sowie Texte und bereite sie auf, ob f\u00fcr Print oder Internet. &nbsp;<\/p>\n\n\n\n<p><strong>STIL- und STANDARDLEKTORAT<\/strong> \u2013 um das Beste aus Ihren Texten herauszuholen.<\/p>\n","protected":false},"excerpt":{"rendered":"<p>Ihnen fehlt noch der passende Text? Ihre Information braucht eine Geschichte? Ich verfasse oder \u00fcberarbeite f\u00fcr Sie Texte, erstelle oder optimiere Marketingmaterialien, Publikationen oder Online-Auftritte. SCHWERPUNKTTexterstellung, Recherche &amp; RedaktionDar\u00fcber hinaus:&nbsp; Stil- und StandardlektoratSPEZIALISIERUNGKultur &amp; Geschichte (regionen- und epochen\u00fcbergreifend)Politik, Wirtschaft &amp; GesellschaftFremdsprachenEnglisch (flie\u00dfend), Franz\u00f6sisch (gut), T\u00fcrkisch und Italienisch (basic); Latinum TEXTFORMATEBuchtexte (Sach- und Fachb\u00fccher)Unternehmenstexte (Informationstexte, Marketingtexte,&#8230;<\/p>\n","protected":false},"author":1,"featured_media":750,"parent":0,"menu_order":0,"comment_status":"closed","ping_status":"closed","template":"","meta":{"footnotes":""},"class_list":["post-403","page","type-page","status-publish","has-post-thumbnail","hentry"],"_links":{"self":[{"href":"http:\/\/textneubauer.de\/index.php?rest_route=\/wp\/v2\/pages\/403","targetHints":{"allow":["GET"]}}],"collection":[{"href":"http:\/\/textneubauer.de\/index.php?rest_route=\/wp\/v2\/pages"}],"about":[{"href":"http:\/\/textneubauer.de\/index.php?rest_route=\/wp\/v2\/types\/page"}],"author":[{"embeddable":true,"href":"http:\/\/textneubauer.de\/index.php?rest_route=\/wp\/v2\/users\/1"}],"replies":[{"embeddable":true,"href":"http:\/\/textneubauer.de\/index.php?rest_route=%2Fwp%2Fv2%2Fcomments&post=403"}],"version-history":[{"count":31,"href":"http:\/\/textneubauer.de\/index.php?rest_route=\/wp\/v2\/pages\/403\/revisions"}],"predecessor-version":[{"id":1033,"href":"http:\/\/textneubauer.de\/index.php?rest_route=\/wp\/v2\/pages\/403\/revisions\/1033"}],"wp:featuredmedia":[{"embeddable":true,"href":"http:\/\/textneubauer.de\/index.php?rest_route=\/wp\/v2\/media\/750"}],"wp:attachment":[{"href":"http:\/\/textneubauer.de\/index.php?rest_route=%2Fwp%2Fv2%2Fmedia&parent=403"}],"curies":[{"name":"wp","href":"https:\/\/api.w.org\/{rel}","templated":true}]}}