{"id":7,"date":"2011-12-15T21:33:44","date_gmt":"2011-12-15T21:33:44","guid":{"rendered":"http:\/\/textundkritik.wordpress.com\/?page_id=2"},"modified":"2023-02-16T10:14:48","modified_gmt":"2023-02-16T10:14:48","slug":"about","status":"publish","type":"page","link":"http:\/\/textneubauer.de\/?page_id=7","title":{"rendered":"\u00dcbermich"},"content":{"rendered":"<p>Musik und Sprache sind mein Leben,<br><a href=\"http:\/\/www.diegeschichteberlins.de\/\" target=\"_blank\" rel=\"noopener noreferrer\">Geschichte<\/a> und Kunst meine Leidenschaft.<br>Die Fremde ist mein Refugium, Unterwegssein mein Zuhause.<br>Geburtsort und unverr\u00fcckbare Heimat: Berlin.<\/p>\n<p>Thomas Mann hat mich seit meiner Jugend besch\u00e4ftigt und bis heute nicht losgelassen. So wurde &#8222;Die Politik ist eine furchtbare Macht: Kontinuit\u00e4t und Wandel des Unpolitischen im essayistischen Werk Thomas Manns 1914-1928\u201c zum Thema meiner Magisterarbeit.<\/p>\n<p>Neben umfassenden beruflichen Erfahrungen in der \u00d6ffentlichkeitsarbeit bei Verb\u00e4nden, in Politik und Wirtschaft bringe ich einen langj\u00e4hrigen freiberuflichen Hintergrund im Bereich Text und Lektorat mit.<\/p>\n<p>Nicht zuletzt bin ich Fu\u00dfballfan und habe den Berliner Fu\u00dfballfanclub <a href=\"http:\/\/bruchwegsehnsucht.com\/\" target=\"_blank\" rel=\"noreferrer noopener\">BruchwegSehnsucht <\/a>(1. FSV Mainz 05)&nbsp; gegr\u00fcndet. Au\u00dferdem: im <a href=\"http:\/\/www.texttreff.de\/\" target=\"_blank\" rel=\"noreferrer noopener\">Netzwerk wortstarker Frauen<\/a>.<\/p>\n\n\n<div class=\"wp-block-columns is-layout-flex wp-container-core-columns-is-layout-9d6595d7 wp-block-columns-is-layout-flex\">\n<div class=\"wp-block-column is-layout-flow wp-block-column-is-layout-flow\" style=\"flex-basis:100%\">\n<figure class=\"wp-block-gallery has-nested-images columns-default is-cropped wp-block-gallery-1 is-layout-flex wp-block-gallery-is-layout-flex\">\n<figure class=\"wp-block-image size-large\"><img loading=\"lazy\" decoding=\"async\" width=\"700\" height=\"1050\" data-id=\"1062\" src=\"http:\/\/textneubauer.de\/wp-content\/uploads\/2023\/02\/Katja_02_2023_25-700x1050.jpg\" alt=\"\" class=\"wp-image-1062\" srcset=\"http:\/\/textneubauer.de\/wp-content\/uploads\/2023\/02\/Katja_02_2023_25-700x1050.jpg 700w, http:\/\/textneubauer.de\/wp-content\/uploads\/2023\/02\/Katja_02_2023_25-200x300.jpg 200w, http:\/\/textneubauer.de\/wp-content\/uploads\/2023\/02\/Katja_02_2023_25-768x1152.jpg 768w, http:\/\/textneubauer.de\/wp-content\/uploads\/2023\/02\/Katja_02_2023_25-1024x1536.jpg 1024w, http:\/\/textneubauer.de\/wp-content\/uploads\/2023\/02\/Katja_02_2023_25-1365x2048.jpg 1365w, http:\/\/textneubauer.de\/wp-content\/uploads\/2023\/02\/Katja_02_2023_25-800x1200.jpg 800w, http:\/\/textneubauer.de\/wp-content\/uploads\/2023\/02\/Katja_02_2023_25-scaled.jpg 1707w\" sizes=\"auto, (max-width: 700px) 100vw, 700px\" \/><\/figure>\n\n\n\n<figure class=\"wp-block-image size-thumbnail\"><img loading=\"lazy\" decoding=\"async\" width=\"150\" height=\"150\" data-id=\"987\" src=\"http:\/\/textneubauer.de\/wp-content\/uploads\/2021\/02\/TMA_0077-1-150x150.jpg\" alt=\"\" class=\"wp-image-987\"\/><figcaption class=\"wp-element-caption\">Thomas Mann*<\/figcaption><\/figure>\n<\/figure>\n<\/div>\n<\/div>\n\n\n\n<p><\/p>\n\n\n\n<p>*  ETH-Bibliothek Z\u00fcrich, Thomas-Mann-Archiv \/ Fotograf: Unbekannt <\/p>\n","protected":false},"excerpt":{"rendered":"<p>Musik und Sprache sind mein Leben,Geschichte und Kunst meine Leidenschaft.Die Fremde ist mein Refugium, Unterwegssein mein Zuhause.Geburtsort und unverr\u00fcckbare Heimat: Berlin. Thomas Mann hat mich seit meiner Jugend besch\u00e4ftigt und bis heute nicht losgelassen. So wurde &#8222;Die Politik ist eine furchtbare Macht: Kontinuit\u00e4t und Wandel des Unpolitischen im essayistischen Werk Thomas Manns 1914-1928\u201c zum Thema&#8230;<\/p>\n","protected":false},"author":1,"featured_media":754,"parent":0,"menu_order":4,"comment_status":"closed","ping_status":"closed","template":"","meta":{"footnotes":""},"class_list":["post-7","page","type-page","status-publish","has-post-thumbnail","hentry"],"_links":{"self":[{"href":"http:\/\/textneubauer.de\/index.php?rest_route=\/wp\/v2\/pages\/7","targetHints":{"allow":["GET"]}}],"collection":[{"href":"http:\/\/textneubauer.de\/index.php?rest_route=\/wp\/v2\/pages"}],"about":[{"href":"http:\/\/textneubauer.de\/index.php?rest_route=\/wp\/v2\/types\/page"}],"author":[{"embeddable":true,"href":"http:\/\/textneubauer.de\/index.php?rest_route=\/wp\/v2\/users\/1"}],"replies":[{"embeddable":true,"href":"http:\/\/textneubauer.de\/index.php?rest_route=%2Fwp%2Fv2%2Fcomments&post=7"}],"version-history":[{"count":34,"href":"http:\/\/textneubauer.de\/index.php?rest_route=\/wp\/v2\/pages\/7\/revisions"}],"predecessor-version":[{"id":1063,"href":"http:\/\/textneubauer.de\/index.php?rest_route=\/wp\/v2\/pages\/7\/revisions\/1063"}],"wp:featuredmedia":[{"embeddable":true,"href":"http:\/\/textneubauer.de\/index.php?rest_route=\/wp\/v2\/media\/754"}],"wp:attachment":[{"href":"http:\/\/textneubauer.de\/index.php?rest_route=%2Fwp%2Fv2%2Fmedia&parent=7"}],"curies":[{"name":"wp","href":"https:\/\/api.w.org\/{rel}","templated":true}]}}